{"id":1478,"date":"2021-09-24T22:18:19","date_gmt":"2021-09-24T22:18:19","guid":{"rendered":"https:\/\/garapua.com\/?page_id=1478"},"modified":"2022-09-08T11:14:07","modified_gmt":"2022-09-08T11:14:07","slug":"politica-de-reservas","status":"publish","type":"page","link":"https:\/\/garapuapraiahotel.com.br\/garapua\/?page_id=1478","title":{"rendered":"Pol\u00edtica de reserva"},"content":{"rendered":"\t\t<div data-elementor-type=\"wp-page\" data-elementor-id=\"1478\" class=\"elementor elementor-1478\" data-elementor-settings=\"[]\">\n\t\t\t\t\t\t\t<div class=\"elementor-section-wrap\">\n\t\t\t\t\t\t\t<section class=\"elementor-section elementor-top-section elementor-element elementor-element-1b8b4f62 elementor-section-boxed elementor-section-height-default elementor-section-height-default\" data-id=\"1b8b4f62\" data-element_type=\"section\" data-settings=\"{&quot;background_background&quot;:&quot;classic&quot;}\">\n\t\t\t\t\t\t<div class=\"elementor-container elementor-column-gap-default\">\n\t\t\t\t\t<div class=\"elementor-column elementor-col-100 elementor-top-column elementor-element elementor-element-7b527011\" data-id=\"7b527011\" data-element_type=\"column\">\n\t\t\t<div class=\"elementor-widget-wrap elementor-element-populated\">\n\t\t\t\t\t\t\t\t<div class=\"elementor-element elementor-element-73f395f elementor-widget elementor-widget-spacer\" data-id=\"73f395f\" data-element_type=\"widget\" data-widget_type=\"spacer.default\">\n\t\t\t\t<div class=\"elementor-widget-container\">\n\t\t\t\t\t<div class=\"elementor-spacer\">\n\t\t\t<div class=\"elementor-spacer-inner\"><\/div>\n\t\t<\/div>\n\t\t\t\t<\/div>\n\t\t\t\t<\/div>\n\t\t\t\t<div class=\"elementor-element elementor-element-845da16 elementor-widget elementor-widget-heading\" data-id=\"845da16\" data-element_type=\"widget\" data-widget_type=\"heading.default\">\n\t\t\t\t<div class=\"elementor-widget-container\">\n\t\t\t<h2 class=\"elementor-heading-title elementor-size-default\">Pol\u00edticas de Reservas<\/h2>\t\t<\/div>\n\t\t\t\t<\/div>\n\t\t\t\t<div class=\"elementor-element elementor-element-5fd114a5 elementor-widget elementor-widget-text-editor\" data-id=\"5fd114a5\" data-element_type=\"widget\" data-widget_type=\"text-editor.default\">\n\t\t\t\t<div class=\"elementor-widget-container\">\n\t\t\t\t\t\t\t<p><!-- wp:heading --><\/p>\n<ul>\n<li>\n<p>Sua reserva ser\u00e1 confirmada somente ap\u00f3s o pagamento antecipado de 50% do valor total das di\u00e1rias ou pacotes<\/p>\n<\/li>\n<li>\n<p>Conta do Hotel para dep\u00f3sito: BRADESCO &#8211; AG\u00caNCIA 3068, CONTA 948-2 CNPJ 19.039.521\/0001-80<\/p>\n<\/li>\n<li>\n<p>Em Garapu\u00e1 n\u00e3o existem ag\u00eancias banc\u00e1rias nem caixas eletr\u00f4nicos. Os meios de pagamento s\u00e3o: Cart\u00e3o de cr\u00e9dito, Transfer\u00eancia\u00a0 Banc\u00e1ria e Dinheiro em esp\u00e9cie.<\/p>\n<\/li>\n<li>\n<p>Tarifas sujeiras a altera\u00e7\u00f5es sem pr\u00e9vio aviso<\/p>\n<\/li>\n<li>\n<p>Crian\u00e7as at\u00e9 05 anos est\u00e3o isentas de pagamento ( 1 crian\u00e7a por su\u00edte acompanhada de respons\u00e1vel )<\/p>\n<\/li>\n<li>\n<p>Inclu\u00eddo na di\u00e1ria : Caf\u00e9 da manh\u00e3 servido no refeit\u00f3rio do hotel de 07:30 \u00e1s 10:30hs:<\/p>\n<\/li>\n<li>\n<p>Chek in a parti de 14:00hs\/ Check out at\u00e9 as 12:00hs<\/p>\n<\/li>\n<\/ul>\n<p>\u00a0<\/p>\n<p><!-- \/wp:heading --><\/p>\t\t\t\t\t\t<\/div>\n\t\t\t\t<\/div>\n\t\t\t\t\t<\/div>\n\t\t<\/div>\n\t\t\t\t\t\t\t<\/div>\n\t\t<\/section>\n\t\t\t\t\t\t<\/div>\n\t\t\t\t\t<\/div>\n\t\t","protected":false},"excerpt":{"rendered":"<p>Pol\u00edticas de Reservas Sua reserva ser\u00e1 confirmada somente ap\u00f3s o pagamento antecipado de 50% do valor total das di\u00e1rias ou pacotes Conta do Hotel para dep\u00f3sito: BRADESCO &#8211; AG\u00caNCIA 3068, CONTA 948-2 CNPJ 19.039.521\/0001-80 Em Garapu\u00e1 n\u00e3o existem ag\u00eancias banc\u00e1rias nem caixas eletr\u00f4nicos. Os meios de pagamento s\u00e3o: Cart\u00e3o de cr\u00e9dito, Transfer\u00eancia\u00a0 Banc\u00e1ria e Dinheiro [&hellip;]<\/p>\n","protected":false},"author":1,"featured_media":0,"parent":0,"menu_order":0,"comment_status":"closed","ping_status":"closed","template":"","meta":[],"_links":{"self":[{"href":"https:\/\/garapuapraiahotel.com.br\/garapua\/index.php?rest_route=\/wp\/v2\/pages\/1478"}],"collection":[{"href":"https:\/\/garapuapraiahotel.com.br\/garapua\/index.php?rest_route=\/wp\/v2\/pages"}],"about":[{"href":"https:\/\/garapuapraiahotel.com.br\/garapua\/index.php?rest_route=\/wp\/v2\/types\/page"}],"author":[{"embeddable":true,"href":"https:\/\/garapuapraiahotel.com.br\/garapua\/index.php?rest_route=\/wp\/v2\/users\/1"}],"replies":[{"embeddable":true,"href":"https:\/\/garapuapraiahotel.com.br\/garapua\/index.php?rest_route=%2Fwp%2Fv2%2Fcomments&post=1478"}],"version-history":[{"count":18,"href":"https:\/\/garapuapraiahotel.com.br\/garapua\/index.php?rest_route=\/wp\/v2\/pages\/1478\/revisions"}],"predecessor-version":[{"id":2172,"href":"https:\/\/garapuapraiahotel.com.br\/garapua\/index.php?rest_route=\/wp\/v2\/pages\/1478\/revisions\/2172"}],"wp:attachment":[{"href":"https:\/\/garapuapraiahotel.com.br\/garapua\/index.php?rest_route=%2Fwp%2Fv2%2Fmedia&parent=1478"}],"curies":[{"name":"wp","href":"https:\/\/api.w.org\/{rel}","templated":true}]}}