{"id":1663,"date":"2021-09-25T15:37:32","date_gmt":"2021-09-25T15:37:32","guid":{"rendered":"https:\/\/garapua.com\/?page_id=1663"},"modified":"2022-09-08T10:45:45","modified_gmt":"2022-09-08T10:45:45","slug":"sobre-o-hotel","status":"publish","type":"page","link":"https:\/\/garapuapraiahotel.com.br\/garapua\/?page_id=1663","title":{"rendered":"Sobre o hotel"},"content":{"rendered":"\t\t<div data-elementor-type=\"wp-page\" data-elementor-id=\"1663\" class=\"elementor elementor-1663\" data-elementor-settings=\"[]\">\n\t\t\t\t\t\t\t<div class=\"elementor-section-wrap\">\n\t\t\t\t\t\t\t<section class=\"elementor-section elementor-top-section elementor-element elementor-element-13950e21 elementor-section-full_width elementor-section-height-full elementor-section-items-top elementor-reverse-mobile elementor-section-content-top elementor-section-height-default\" data-id=\"13950e21\" data-element_type=\"section\" id=\"section_1\" data-settings=\"{&quot;background_background&quot;:&quot;classic&quot;}\">\n\t\t\t\t\t\t<div class=\"elementor-container elementor-column-gap-default\">\n\t\t\t\t\t<div class=\"elementor-column elementor-col-50 elementor-top-column elementor-element elementor-element-2face075\" data-id=\"2face075\" data-element_type=\"column\" data-settings=\"{&quot;background_background&quot;:&quot;classic&quot;}\">\n\t\t\t<div class=\"elementor-widget-wrap elementor-element-populated\">\n\t\t\t\t\t\t\t\t<div class=\"elementor-element elementor-element-ecf3d5b elementor-widget elementor-widget-spacer\" data-id=\"ecf3d5b\" data-element_type=\"widget\" data-widget_type=\"spacer.default\">\n\t\t\t\t<div class=\"elementor-widget-container\">\n\t\t\t\t\t<div class=\"elementor-spacer\">\n\t\t\t<div class=\"elementor-spacer-inner\"><\/div>\n\t\t<\/div>\n\t\t\t\t<\/div>\n\t\t\t\t<\/div>\n\t\t\t\t<div class=\"elementor-element elementor-element-391ae682 elementor-widget elementor-widget-heading\" data-id=\"391ae682\" data-element_type=\"widget\" data-widget_type=\"heading.default\">\n\t\t\t\t<div class=\"elementor-widget-container\">\n\t\t\t<h2 class=\"elementor-heading-title elementor-size-default\">GARAPU\u00c1 PRAIA HOTEL<\/h2>\t\t<\/div>\n\t\t\t\t<\/div>\n\t\t\t\t<div class=\"elementor-element elementor-element-21086a04 elementor-widget elementor-widget-text-editor\" data-id=\"21086a04\" data-element_type=\"widget\" data-widget_type=\"text-editor.default\">\n\t\t\t\t<div class=\"elementor-widget-container\">\n\t\t\t\t\t\t\t<p>O empreendedor Ant\u00f4nio Jorge Nunes Silva, eterno apaixonado por Garapu\u00e1, notou a necessidade de um ponto de parada e descanso para os viajantes que chegavam at\u00e9 a praia e se encantavam com a beleza do lugar. Dessa idealiza\u00e7\u00e3o, nasceu o Garapu\u00e1 Praia Hotel, inaugurado em dezembro de 2002, e localiza-se a poucos metros da praia em uma agrad\u00e1vel vila de pescadores no baixo sul da Bahia.<\/p>\t\t\t\t\t\t<\/div>\n\t\t\t\t<\/div>\n\t\t\t\t<div class=\"elementor-element elementor-element-2cc46163 elementor-widget elementor-widget-heading\" data-id=\"2cc46163\" data-element_type=\"widget\" data-widget_type=\"heading.default\">\n\t\t\t\t<div class=\"elementor-widget-container\">\n\t\t\t<h2 class=\"elementor-heading-title elementor-size-default\">Siga-nos <\/h2>\t\t<\/div>\n\t\t\t\t<\/div>\n\t\t\t\t<div class=\"elementor-element elementor-element-c1ea90f e-grid-align-left elementor-shape-rounded elementor-grid-0 elementor-widget elementor-widget-social-icons\" data-id=\"c1ea90f\" data-element_type=\"widget\" data-widget_type=\"social-icons.default\">\n\t\t\t\t<div class=\"elementor-widget-container\">\n\t\t\t\t\t<div class=\"elementor-social-icons-wrapper elementor-grid\">\n\t\t\t\t\t\t\t<span class=\"elementor-grid-item\">\n\t\t\t\t\t<a class=\"elementor-icon elementor-social-icon elementor-social-icon-facebook elementor-repeater-item-b281174\" href=\"https:\/\/www.facebook.com\/garapuapraiahotel\" target=\"_blank\">\n\t\t\t\t\t\t<span class=\"elementor-screen-only\">Facebook<\/span>\n\t\t\t\t\t\t<i class=\"fab fa-facebook\"><\/i>\t\t\t\t\t<\/a>\n\t\t\t\t<\/span>\n\t\t\t\t\t\t\t<span class=\"elementor-grid-item\">\n\t\t\t\t\t<a class=\"elementor-icon elementor-social-icon elementor-social-icon-instagram elementor-repeater-item-77db451\" href=\"https:\/\/www.instagram.com\/garapuapraiahotel\/\" target=\"_blank\">\n\t\t\t\t\t\t<span class=\"elementor-screen-only\">Instagram<\/span>\n\t\t\t\t\t\t<i class=\"fab fa-instagram\"><\/i>\t\t\t\t\t<\/a>\n\t\t\t\t<\/span>\n\t\t\t\t\t<\/div>\n\t\t\t\t<\/div>\n\t\t\t\t<\/div>\n\t\t\t\t<div class=\"elementor-element elementor-element-1a473b99 elementor-shape-circle e-grid-align-left elementor-grid-0 elementor-widget elementor-widget-social-icons\" data-id=\"1a473b99\" data-element_type=\"widget\" data-widget_type=\"social-icons.default\">\n\t\t\t\t<div class=\"elementor-widget-container\">\n\t\t\t\t\t<div class=\"elementor-social-icons-wrapper elementor-grid\">\n\t\t\t\t\t\t\t<span class=\"elementor-grid-item\">\n\t\t\t\t\t<a class=\"elementor-icon elementor-social-icon elementor-social-icon-facebook elementor-repeater-item-113b8e1\" target=\"_blank\">\n\t\t\t\t\t\t<span class=\"elementor-screen-only\">Facebook<\/span>\n\t\t\t\t\t\t\t\t\t\t\t\t\t<i class=\"fa fa-facebook\"><\/i>\n\t\t\t\t\t\t\t\t\t\t\t<\/a>\n\t\t\t\t<\/span>\n\t\t\t\t\t\t\t<span class=\"elementor-grid-item\">\n\t\t\t\t\t<a class=\"elementor-icon elementor-social-icon elementor-social-icon-twitter elementor-repeater-item-0386e0d\" target=\"_blank\">\n\t\t\t\t\t\t<span class=\"elementor-screen-only\">Twitter<\/span>\n\t\t\t\t\t\t\t\t\t\t\t\t\t<i class=\"fa fa-twitter\"><\/i>\n\t\t\t\t\t\t\t\t\t\t\t<\/a>\n\t\t\t\t<\/span>\n\t\t\t\t\t\t\t<span class=\"elementor-grid-item\">\n\t\t\t\t\t<a class=\"elementor-icon elementor-social-icon elementor-social-icon-google-plus elementor-repeater-item-3b60f49\" target=\"_blank\">\n\t\t\t\t\t\t<span class=\"elementor-screen-only\">Google-plus<\/span>\n\t\t\t\t\t\t\t\t\t\t\t\t\t<i class=\"fa fa-google-plus\"><\/i>\n\t\t\t\t\t\t\t\t\t\t\t<\/a>\n\t\t\t\t<\/span>\n\t\t\t\t\t\t\t<span class=\"elementor-grid-item\">\n\t\t\t\t\t<a class=\"elementor-icon elementor-social-icon elementor-social-icon-linkedin elementor-repeater-item-9a86848\" target=\"_blank\">\n\t\t\t\t\t\t<span class=\"elementor-screen-only\">Linkedin<\/span>\n\t\t\t\t\t\t\t\t\t\t\t\t\t<i class=\"fa fa-linkedin\"><\/i>\n\t\t\t\t\t\t\t\t\t\t\t<\/a>\n\t\t\t\t<\/span>\n\t\t\t\t\t\t\t<span class=\"elementor-grid-item\">\n\t\t\t\t\t<a class=\"elementor-icon elementor-social-icon elementor-social-icon-pinterest elementor-repeater-item-f922194\" target=\"_blank\">\n\t\t\t\t\t\t<span class=\"elementor-screen-only\">Pinterest<\/span>\n\t\t\t\t\t\t\t\t\t\t\t\t\t<i class=\"fa fa-pinterest\"><\/i>\n\t\t\t\t\t\t\t\t\t\t\t<\/a>\n\t\t\t\t<\/span>\n\t\t\t\t\t<\/div>\n\t\t\t\t<\/div>\n\t\t\t\t<\/div>\n\t\t\t\t\t<\/div>\n\t\t<\/div>\n\t\t\t\t<div class=\"elementor-column elementor-col-50 elementor-top-column elementor-element elementor-element-4c6dd560\" data-id=\"4c6dd560\" data-element_type=\"column\" data-settings=\"{&quot;background_background&quot;:&quot;classic&quot;}\">\n\t\t\t<div class=\"elementor-widget-wrap elementor-element-populated\">\n\t\t\t\t\t\t\t\t<div class=\"elementor-element elementor-element-e0bf9dd elementor-widget elementor-widget-image\" data-id=\"e0bf9dd\" data-element_type=\"widget\" data-widget_type=\"image.default\">\n\t\t\t\t<div class=\"elementor-widget-container\">\n\t\t\t\t\t\t\t\t\t\t\t\t\t\t\t<img width=\"1024\" height=\"682\" src=\"https:\/\/garapuapraiahotel.com.br\/garapua\/wp-content\/uploads\/2022\/09\/frentenoite2022-1024x682.jpeg\" class=\"attachment-large size-large\" alt=\"Frente 2022\" loading=\"lazy\" srcset=\"https:\/\/garapuapraiahotel.com.br\/garapua\/wp-content\/uploads\/2022\/09\/frentenoite2022-1024x682.jpeg 1024w, https:\/\/garapuapraiahotel.com.br\/garapua\/wp-content\/uploads\/2022\/09\/frentenoite2022-300x200.jpeg 300w, https:\/\/garapuapraiahotel.com.br\/garapua\/wp-content\/uploads\/2022\/09\/frentenoite2022-768x512.jpeg 768w, https:\/\/garapuapraiahotel.com.br\/garapua\/wp-content\/uploads\/2022\/09\/frentenoite2022-1536x1023.jpeg 1536w, https:\/\/garapuapraiahotel.com.br\/garapua\/wp-content\/uploads\/2022\/09\/frentenoite2022-600x400.jpeg 600w, https:\/\/garapuapraiahotel.com.br\/garapua\/wp-content\/uploads\/2022\/09\/frentenoite2022.jpeg 1600w\" sizes=\"(max-width: 1024px) 100vw, 1024px\" \/>\t\t\t\t\t\t\t\t\t\t\t\t\t\t\t<\/div>\n\t\t\t\t<\/div>\n\t\t\t\t<div class=\"elementor-element elementor-element-b2e3976 elementor-arrows-position-inside elementor-widget elementor-widget-image-carousel\" data-id=\"b2e3976\" data-element_type=\"widget\" data-settings=\"{&quot;slides_to_show&quot;:&quot;1&quot;,&quot;navigation&quot;:&quot;arrows&quot;,&quot;autoplay&quot;:&quot;yes&quot;,&quot;pause_on_hover&quot;:&quot;yes&quot;,&quot;pause_on_interaction&quot;:&quot;yes&quot;,&quot;autoplay_speed&quot;:5000,&quot;infinite&quot;:&quot;yes&quot;,&quot;effect&quot;:&quot;slide&quot;,&quot;speed&quot;:500}\" data-widget_type=\"image-carousel.default\">\n\t\t\t\t<div class=\"elementor-widget-container\">\n\t\t\t\t\t<div class=\"elementor-image-carousel-wrapper swiper-container\" dir=\"ltr\">\n\t\t\t<div class=\"elementor-image-carousel swiper-wrapper\">\n\t\t\t\t\t\t\t\t<div class=\"swiper-slide\"><figure class=\"swiper-slide-inner\"><img class=\"swiper-slide-image\" src=\"https:\/\/garapuapraiahotel.com.br\/garapua\/wp-content\/uploads\/2021\/09\/WhatsApp-Image-2021-09-03-at-11.23.36.jpeg\" alt=\"WhatsApp Image 2021-09-03 at 11.23.36\" \/><\/figure><\/div><div class=\"swiper-slide\"><figure class=\"swiper-slide-inner\"><img class=\"swiper-slide-image\" src=\"https:\/\/garapuapraiahotel.com.br\/garapua\/wp-content\/uploads\/2021\/09\/WhatsApp-Image-2021-09-03-at-11.23.33.jpeg\" alt=\"WhatsApp Image 2021-09-03 at 11.23.33\" \/><\/figure><\/div><div class=\"swiper-slide\"><figure class=\"swiper-slide-inner\"><img class=\"swiper-slide-image\" src=\"https:\/\/garapuapraiahotel.com.br\/garapua\/wp-content\/uploads\/2021\/09\/WhatsApp-Image-2021-09-03-at-11.23.32.jpeg\" alt=\"WhatsApp Image 2021-09-03 at 11.23.32\" \/><\/figure><\/div><div class=\"swiper-slide\"><figure class=\"swiper-slide-inner\"><img class=\"swiper-slide-image\" src=\"https:\/\/garapuapraiahotel.com.br\/garapua\/wp-content\/uploads\/2021\/09\/WhatsApp-Image-2021-09-03-at-11.23.31-1.jpeg\" alt=\"WhatsApp Image 2021-09-03 at 11.23.31 (1)\" \/><\/figure><\/div><div class=\"swiper-slide\"><figure class=\"swiper-slide-inner\"><img class=\"swiper-slide-image\" src=\"https:\/\/garapuapraiahotel.com.br\/garapua\/wp-content\/uploads\/2021\/09\/WhatsApp-Image-2021-09-03-at-11.23.30.jpeg\" alt=\"WhatsApp Image 2021-09-03 at 11.23.30\" \/><\/figure><\/div><div class=\"swiper-slide\"><figure class=\"swiper-slide-inner\"><img class=\"swiper-slide-image\" src=\"https:\/\/garapuapraiahotel.com.br\/garapua\/wp-content\/uploads\/2021\/09\/WhatsApp-Image-2021-09-03-at-11.23.37.jpeg\" alt=\"WhatsApp Image 2021-09-03 at 11.23.37\" \/><\/figure><\/div><div class=\"swiper-slide\"><figure class=\"swiper-slide-inner\"><img class=\"swiper-slide-image\" src=\"https:\/\/garapuapraiahotel.com.br\/garapua\/wp-content\/uploads\/2021\/09\/WhatsApp-Image-2021-09-03-at-11.24.17.jpeg\" alt=\"WhatsApp Image 2021-09-03 at 11.24.17\" \/><\/figure><\/div><div class=\"swiper-slide\"><figure class=\"swiper-slide-inner\"><img class=\"swiper-slide-image\" src=\"https:\/\/garapuapraiahotel.com.br\/garapua\/wp-content\/uploads\/2021\/09\/WhatsApp-Image-2021-09-25-at-8.21.53-AM.jpeg\" alt=\"WhatsApp Image 2021-09-25 at 8.21.53 AM\" \/><\/figure><\/div><div class=\"swiper-slide\"><figure class=\"swiper-slide-inner\"><img class=\"swiper-slide-image\" src=\"https:\/\/garapuapraiahotel.com.br\/garapua\/wp-content\/uploads\/2021\/09\/WhatsApp-Image-2021-09-03-at-11.23.36-1.jpeg\" alt=\"WhatsApp Image 2021-09-03 at 11.23.36 (1)\" \/><\/figure><\/div><div class=\"swiper-slide\"><figure class=\"swiper-slide-inner\"><img class=\"swiper-slide-image\" src=\"https:\/\/garapuapraiahotel.com.br\/garapua\/wp-content\/uploads\/2021\/09\/WhatsApp-Image-2021-09-03-at-11.23.34.jpeg\" alt=\"WhatsApp Image 2021-09-03 at 11.23.34\" \/><\/figure><\/div><div class=\"swiper-slide\"><figure class=\"swiper-slide-inner\"><img class=\"swiper-slide-image\" src=\"https:\/\/garapuapraiahotel.com.br\/garapua\/wp-content\/uploads\/2021\/09\/WhatsApp-Image-2021-09-03-at-11.23.35-2.jpeg\" alt=\"WhatsApp Image 2021-09-03 at 11.23.35 (2)\" \/><\/figure><\/div>\t\t\t<\/div>\n\t\t\t\t\t\t\t\t\t\t\t\t\t\t\t\t<div class=\"elementor-swiper-button elementor-swiper-button-prev\">\n\t\t\t\t\t\t<i class=\"eicon-chevron-left\" aria-hidden=\"true\"><\/i>\n\t\t\t\t\t\t<span class=\"elementor-screen-only\">Anterior<\/span>\n\t\t\t\t\t<\/div>\n\t\t\t\t\t<div class=\"elementor-swiper-button elementor-swiper-button-next\">\n\t\t\t\t\t\t<i class=\"eicon-chevron-right\" aria-hidden=\"true\"><\/i>\n\t\t\t\t\t\t<span class=\"elementor-screen-only\">Pr\u00f3ximo<\/span>\n\t\t\t\t\t<\/div>\n\t\t\t\t\t\t\t\t\t<\/div>\n\t\t\t\t<\/div>\n\t\t\t\t<\/div>\n\t\t\t\t\t<\/div>\n\t\t<\/div>\n\t\t\t\t\t\t\t<\/div>\n\t\t<\/section>\n\t\t\t\t<section class=\"elementor-section elementor-top-section elementor-element elementor-element-e118fe4 elementor-section-boxed elementor-section-height-default elementor-section-height-default\" data-id=\"e118fe4\" data-element_type=\"section\">\n\t\t\t\t\t\t<div class=\"elementor-container elementor-column-gap-default\">\n\t\t\t\t\t<div class=\"elementor-column elementor-col-100 elementor-top-column elementor-element elementor-element-4e8ac96\" data-id=\"4e8ac96\" data-element_type=\"column\">\n\t\t\t<div class=\"elementor-widget-wrap elementor-element-populated\">\n\t\t\t\t\t\t\t\t<div class=\"elementor-element elementor-element-c3602b2 elementor-widget elementor-widget-spacer\" data-id=\"c3602b2\" data-element_type=\"widget\" data-widget_type=\"spacer.default\">\n\t\t\t\t<div class=\"elementor-widget-container\">\n\t\t\t\t\t<div class=\"elementor-spacer\">\n\t\t\t<div class=\"elementor-spacer-inner\"><\/div>\n\t\t<\/div>\n\t\t\t\t<\/div>\n\t\t\t\t<\/div>\n\t\t\t\t\t<\/div>\n\t\t<\/div>\n\t\t\t\t\t\t\t<\/div>\n\t\t<\/section>\n\t\t\t\t\t\t<\/div>\n\t\t\t\t\t<\/div>\n\t\t","protected":false},"excerpt":{"rendered":"<p>GARAPU\u00c1 PRAIA HOTEL O empreendedor Ant\u00f4nio Jorge Nunes Silva, eterno apaixonado por Garapu\u00e1, notou a necessidade de um ponto de parada e descanso para os viajantes que chegavam at\u00e9 a praia e se encantavam com a beleza do lugar. Dessa idealiza\u00e7\u00e3o, nasceu o Garapu\u00e1 Praia Hotel, inaugurado em dezembro de 2002, e localiza-se a poucos [&hellip;]<\/p>\n","protected":false},"author":1,"featured_media":0,"parent":0,"menu_order":0,"comment_status":"closed","ping_status":"closed","template":"","meta":[],"_links":{"self":[{"href":"https:\/\/garapuapraiahotel.com.br\/garapua\/index.php?rest_route=\/wp\/v2\/pages\/1663"}],"collection":[{"href":"https:\/\/garapuapraiahotel.com.br\/garapua\/index.php?rest_route=\/wp\/v2\/pages"}],"about":[{"href":"https:\/\/garapuapraiahotel.com.br\/garapua\/index.php?rest_route=\/wp\/v2\/types\/page"}],"author":[{"embeddable":true,"href":"https:\/\/garapuapraiahotel.com.br\/garapua\/index.php?rest_route=\/wp\/v2\/users\/1"}],"replies":[{"embeddable":true,"href":"https:\/\/garapuapraiahotel.com.br\/garapua\/index.php?rest_route=%2Fwp%2Fv2%2Fcomments&post=1663"}],"version-history":[{"count":40,"href":"https:\/\/garapuapraiahotel.com.br\/garapua\/index.php?rest_route=\/wp\/v2\/pages\/1663\/revisions"}],"predecessor-version":[{"id":2134,"href":"https:\/\/garapuapraiahotel.com.br\/garapua\/index.php?rest_route=\/wp\/v2\/pages\/1663\/revisions\/2134"}],"wp:attachment":[{"href":"https:\/\/garapuapraiahotel.com.br\/garapua\/index.php?rest_route=%2Fwp%2Fv2%2Fmedia&parent=1663"}],"curies":[{"name":"wp","href":"https:\/\/api.w.org\/{rel}","templated":true}]}}