{"id":1756,"date":"2021-09-27T14:40:01","date_gmt":"2021-09-27T14:40:01","guid":{"rendered":"https:\/\/garapua.com\/?page_id=1756"},"modified":"2022-09-08T10:24:50","modified_gmt":"2022-09-08T10:24:50","slug":"conheca-garapua","status":"publish","type":"page","link":"https:\/\/garapuapraiahotel.com.br\/garapua\/?page_id=1756","title":{"rendered":"Conhe\u00e7a Garapu\u00e1"},"content":{"rendered":"\t\t<div data-elementor-type=\"wp-page\" data-elementor-id=\"1756\" class=\"elementor elementor-1756\" data-elementor-settings=\"[]\">\n\t\t\t\t\t\t\t<div class=\"elementor-section-wrap\">\n\t\t\t\t\t\t\t<section class=\"elementor-section elementor-top-section elementor-element elementor-element-03a16b7 elementor-section-boxed elementor-section-height-default elementor-section-height-default\" data-id=\"03a16b7\" data-element_type=\"section\">\n\t\t\t\t\t\t<div class=\"elementor-container elementor-column-gap-default\">\n\t\t\t\t\t<div class=\"elementor-column elementor-col-100 elementor-top-column elementor-element elementor-element-f0017d0\" data-id=\"f0017d0\" data-element_type=\"column\">\n\t\t\t<div class=\"elementor-widget-wrap\">\n\t\t\t\t\t\t\t\t\t<\/div>\n\t\t<\/div>\n\t\t\t\t\t\t\t<\/div>\n\t\t<\/section>\n\t\t\t\t<section class=\"elementor-section elementor-top-section elementor-element elementor-element-a26536f elementor-section-boxed elementor-section-height-default elementor-section-height-default\" data-id=\"a26536f\" data-element_type=\"section\">\n\t\t\t\t\t\t<div class=\"elementor-container elementor-column-gap-default\">\n\t\t\t\t\t<div class=\"elementor-column elementor-col-50 elementor-top-column elementor-element elementor-element-1f2f682\" data-id=\"1f2f682\" data-element_type=\"column\" data-settings=\"{&quot;background_background&quot;:&quot;gradient&quot;}\">\n\t\t\t<div class=\"elementor-widget-wrap elementor-element-populated\">\n\t\t\t\t\t\t\t\t<div class=\"elementor-element elementor-element-38da610 elementor-widget elementor-widget-heading\" data-id=\"38da610\" data-element_type=\"widget\" data-widget_type=\"heading.default\">\n\t\t\t\t<div class=\"elementor-widget-container\">\n\t\t\t<h2 class=\"elementor-heading-title elementor-size-default\">Hist\u00f3ria<\/h2>\t\t<\/div>\n\t\t\t\t<\/div>\n\t\t\t\t<div class=\"elementor-element elementor-element-7555868 elementor-widget elementor-widget-text-editor\" data-id=\"7555868\" data-element_type=\"widget\" data-widget_type=\"text-editor.default\">\n\t\t\t\t<div class=\"elementor-widget-container\">\n\t\t\t\t\t\t\t<p>Garapu\u00e1 \u00e9 diferente de tudo j\u00e1 visto.<\/p>\n<p>Sabe aquele lugarzinho que faz quest\u00e3o da rusticidade e da originalidade? Esse lugar \u00e9 Garapu\u00e1.<\/p>\n<p>Ent\u00e3o por muito tempo, ela permaneceu indiferente ao progresso que atingiu as praias vizinhas de Morro de S\u00e3o Paulo.<\/p>\n<p>O pacato e belo povoado vivia somente da pesca e seus habitantes levavam uma tranq\u00fcila vida at\u00e9 o ano de 1995, quando Garapu\u00e1 come\u00e7ou a receber a visita dos turistas que viajavam de Morro de S\u00e3o Paulo a Boipeba com os tratores.<\/p>\n<p>N\u00e3o que hoje ainda n\u00e3o seja sossegada a vida dos moradores, mas a partir da descoberta de Garapu\u00e1 como mais um destino tur\u00edstico de Tinhar\u00e9, o povoado passou a receber mais visitantes e a ter mais estrutura para atender seus turistas.<\/p>\t\t\t\t\t\t<\/div>\n\t\t\t\t<\/div>\n\t\t\t\t\t<\/div>\n\t\t<\/div>\n\t\t\t\t<div class=\"elementor-column elementor-col-50 elementor-top-column elementor-element elementor-element-9b8276b\" data-id=\"9b8276b\" data-element_type=\"column\">\n\t\t\t<div class=\"elementor-widget-wrap elementor-element-populated\">\n\t\t\t\t\t\t\t\t<div class=\"elementor-element elementor-element-730d05c elementor-widget elementor-widget-image\" data-id=\"730d05c\" data-element_type=\"widget\" data-widget_type=\"image.default\">\n\t\t\t\t<div class=\"elementor-widget-container\">\n\t\t\t\t\t\t\t\t\t\t\t\t\t\t\t<img width=\"1024\" height=\"768\" src=\"https:\/\/garapuapraiahotel.com.br\/garapua\/wp-content\/uploads\/2021\/09\/WhatsApp-Image-2021-09-03-at-11.23.37-1024x768.jpeg\" class=\"attachment-large size-large\" alt=\"\" loading=\"lazy\" srcset=\"https:\/\/garapuapraiahotel.com.br\/garapua\/wp-content\/uploads\/2021\/09\/WhatsApp-Image-2021-09-03-at-11.23.37-1024x768.jpeg 1024w, https:\/\/garapuapraiahotel.com.br\/garapua\/wp-content\/uploads\/2021\/09\/WhatsApp-Image-2021-09-03-at-11.23.37-300x225.jpeg 300w, https:\/\/garapuapraiahotel.com.br\/garapua\/wp-content\/uploads\/2021\/09\/WhatsApp-Image-2021-09-03-at-11.23.37-768x576.jpeg 768w, https:\/\/garapuapraiahotel.com.br\/garapua\/wp-content\/uploads\/2021\/09\/WhatsApp-Image-2021-09-03-at-11.23.37-600x450.jpeg 600w, https:\/\/garapuapraiahotel.com.br\/garapua\/wp-content\/uploads\/2021\/09\/WhatsApp-Image-2021-09-03-at-11.23.37.jpeg 1280w\" sizes=\"(max-width: 1024px) 100vw, 1024px\" \/>\t\t\t\t\t\t\t\t\t\t\t\t\t\t\t<\/div>\n\t\t\t\t<\/div>\n\t\t\t\t\t<\/div>\n\t\t<\/div>\n\t\t\t\t\t\t\t<\/div>\n\t\t<\/section>\n\t\t\t\t<section class=\"elementor-section elementor-top-section elementor-element elementor-element-f210912 elementor-section-boxed elementor-section-height-default elementor-section-height-default\" data-id=\"f210912\" data-element_type=\"section\">\n\t\t\t\t\t\t<div class=\"elementor-container elementor-column-gap-default\">\n\t\t\t\t\t<div class=\"elementor-column elementor-col-50 elementor-top-column elementor-element elementor-element-fdb5755\" data-id=\"fdb5755\" data-element_type=\"column\" data-settings=\"{&quot;background_background&quot;:&quot;gradient&quot;}\">\n\t\t\t<div class=\"elementor-widget-wrap elementor-element-populated\">\n\t\t\t\t\t\t\t\t<div class=\"elementor-element elementor-element-5266bc8 elementor-widget elementor-widget-image\" data-id=\"5266bc8\" data-element_type=\"widget\" data-widget_type=\"image.default\">\n\t\t\t\t<div class=\"elementor-widget-container\">\n\t\t\t\t\t\t\t\t\t\t\t\t\t\t\t<img width=\"851\" height=\"567\" src=\"https:\/\/garapuapraiahotel.com.br\/garapua\/wp-content\/uploads\/2021\/09\/WhatsApp-Image-2021-09-03-at-11.23.30.jpeg\" class=\"attachment-large size-large\" alt=\"\" loading=\"lazy\" srcset=\"https:\/\/garapuapraiahotel.com.br\/garapua\/wp-content\/uploads\/2021\/09\/WhatsApp-Image-2021-09-03-at-11.23.30.jpeg 851w, https:\/\/garapuapraiahotel.com.br\/garapua\/wp-content\/uploads\/2021\/09\/WhatsApp-Image-2021-09-03-at-11.23.30-300x200.jpeg 300w, https:\/\/garapuapraiahotel.com.br\/garapua\/wp-content\/uploads\/2021\/09\/WhatsApp-Image-2021-09-03-at-11.23.30-768x512.jpeg 768w, https:\/\/garapuapraiahotel.com.br\/garapua\/wp-content\/uploads\/2021\/09\/WhatsApp-Image-2021-09-03-at-11.23.30-600x400.jpeg 600w\" sizes=\"(max-width: 851px) 100vw, 851px\" \/>\t\t\t\t\t\t\t\t\t\t\t\t\t\t\t<\/div>\n\t\t\t\t<\/div>\n\t\t\t\t\t<\/div>\n\t\t<\/div>\n\t\t\t\t<div class=\"elementor-column elementor-col-50 elementor-top-column elementor-element elementor-element-b8d9fc5\" data-id=\"b8d9fc5\" data-element_type=\"column\" data-settings=\"{&quot;background_background&quot;:&quot;gradient&quot;}\">\n\t\t\t<div class=\"elementor-widget-wrap elementor-element-populated\">\n\t\t\t\t\t\t\t\t<div class=\"elementor-element elementor-element-ab87ed1 elementor-widget elementor-widget-heading\" data-id=\"ab87ed1\" data-element_type=\"widget\" data-widget_type=\"heading.default\">\n\t\t\t\t<div class=\"elementor-widget-container\">\n\t\t\t<h2 class=\"elementor-heading-title elementor-size-default\">Lazer<\/h2>\t\t<\/div>\n\t\t\t\t<\/div>\n\t\t\t\t<div class=\"elementor-element elementor-element-7f35146 elementor-widget elementor-widget-text-editor\" data-id=\"7f35146\" data-element_type=\"widget\" data-widget_type=\"text-editor.default\">\n\t\t\t\t<div class=\"elementor-widget-container\">\n\t\t\t\t\t\t\t<p>\u00a0Apesar de reinar a paz, Garapu\u00e1 proporciona divertidos momentos em suas belas paisagens naturais. O visitante tem a oportunidade de fazer longas caminhadas pela beira da praia ou em meio \u00e0 mata nativa com trechos preservados da Mata Atl\u00e2ntica e onde tamb\u00e9m podem ser avistados diversas esp\u00e9cies da\u00a0fauna e flora.<br \/><br \/>No mar podem ser praticados esportes n\u00e1uticos como o windsurf, pesca e mergulho. Ali\u00e1s, uma dica imperd\u00edvel em Garapu\u00e1 \u00e9 mergulhar nas \u00e1guas cristalinas das piscinas naturais e se maravilhar com a beleza da fauna marinha. Os visitantes das piscinas naturais de Garapu\u00e1 tem ainda o privil\u00e9gio de usufruir dos petiscos e bebidas servidos no bar flutuante.<\/p>\t\t\t\t\t\t<\/div>\n\t\t\t\t<\/div>\n\t\t\t\t\t<\/div>\n\t\t<\/div>\n\t\t\t\t\t\t\t<\/div>\n\t\t<\/section>\n\t\t\t\t<section class=\"elementor-section elementor-top-section elementor-element elementor-element-02a48bc elementor-section-boxed elementor-section-height-default elementor-section-height-default\" data-id=\"02a48bc\" data-element_type=\"section\">\n\t\t\t\t\t\t<div class=\"elementor-container elementor-column-gap-default\">\n\t\t\t\t\t<div class=\"elementor-column elementor-col-100 elementor-top-column elementor-element elementor-element-5944241\" data-id=\"5944241\" data-element_type=\"column\">\n\t\t\t<div class=\"elementor-widget-wrap elementor-element-populated\">\n\t\t\t\t\t\t\t\t<div class=\"elementor-element elementor-element-4325c89 elementor-widget elementor-widget-spacer\" data-id=\"4325c89\" data-element_type=\"widget\" data-widget_type=\"spacer.default\">\n\t\t\t\t<div class=\"elementor-widget-container\">\n\t\t\t\t\t<div class=\"elementor-spacer\">\n\t\t\t<div class=\"elementor-spacer-inner\"><\/div>\n\t\t<\/div>\n\t\t\t\t<\/div>\n\t\t\t\t<\/div>\n\t\t\t\t\t<\/div>\n\t\t<\/div>\n\t\t\t\t\t\t\t<\/div>\n\t\t<\/section>\n\t\t\t\t\t\t<\/div>\n\t\t\t\t\t<\/div>\n\t\t","protected":false},"excerpt":{"rendered":"<p>Hist\u00f3ria Garapu\u00e1 \u00e9 diferente de tudo j\u00e1 visto. Sabe aquele lugarzinho que faz quest\u00e3o da rusticidade e da originalidade? Esse lugar \u00e9 Garapu\u00e1. Ent\u00e3o por muito tempo, ela permaneceu indiferente ao progresso que atingiu as praias vizinhas de Morro de S\u00e3o Paulo. O pacato e belo povoado vivia somente da pesca e seus habitantes levavam [&hellip;]<\/p>\n","protected":false},"author":1,"featured_media":0,"parent":0,"menu_order":0,"comment_status":"closed","ping_status":"closed","template":"","meta":[],"_links":{"self":[{"href":"https:\/\/garapuapraiahotel.com.br\/garapua\/index.php?rest_route=\/wp\/v2\/pages\/1756"}],"collection":[{"href":"https:\/\/garapuapraiahotel.com.br\/garapua\/index.php?rest_route=\/wp\/v2\/pages"}],"about":[{"href":"https:\/\/garapuapraiahotel.com.br\/garapua\/index.php?rest_route=\/wp\/v2\/types\/page"}],"author":[{"embeddable":true,"href":"https:\/\/garapuapraiahotel.com.br\/garapua\/index.php?rest_route=\/wp\/v2\/users\/1"}],"replies":[{"embeddable":true,"href":"https:\/\/garapuapraiahotel.com.br\/garapua\/index.php?rest_route=%2Fwp%2Fv2%2Fcomments&post=1756"}],"version-history":[{"count":39,"href":"https:\/\/garapuapraiahotel.com.br\/garapua\/index.php?rest_route=\/wp\/v2\/pages\/1756\/revisions"}],"predecessor-version":[{"id":2107,"href":"https:\/\/garapuapraiahotel.com.br\/garapua\/index.php?rest_route=\/wp\/v2\/pages\/1756\/revisions\/2107"}],"wp:attachment":[{"href":"https:\/\/garapuapraiahotel.com.br\/garapua\/index.php?rest_route=%2Fwp%2Fv2%2Fmedia&parent=1756"}],"curies":[{"name":"wp","href":"https:\/\/api.w.org\/{rel}","templated":true}]}}