{"id":1964,"date":"2022-09-02T10:40:36","date_gmt":"2022-09-02T10:40:36","guid":{"rendered":"https:\/\/garapuapraiahotel.com.br\/garapua\/?page_id=1964"},"modified":"2022-09-08T11:13:58","modified_gmt":"2022-09-08T11:13:58","slug":"politica-de-cancelamento","status":"publish","type":"page","link":"https:\/\/garapuapraiahotel.com.br\/garapua\/?page_id=1964","title":{"rendered":"Pol\u00edtica de Cancelamento"},"content":{"rendered":"\t\t<div data-elementor-type=\"wp-page\" data-elementor-id=\"1964\" class=\"elementor elementor-1964\" data-elementor-settings=\"[]\">\n\t\t\t\t\t\t\t<div class=\"elementor-section-wrap\">\n\t\t\t\t\t\t\t<section class=\"elementor-section elementor-top-section elementor-element elementor-element-1b8b4f62 elementor-section-boxed elementor-section-height-default elementor-section-height-default\" data-id=\"1b8b4f62\" data-element_type=\"section\" data-settings=\"{&quot;background_background&quot;:&quot;classic&quot;}\">\n\t\t\t\t\t\t<div class=\"elementor-container elementor-column-gap-default\">\n\t\t\t\t\t<div class=\"elementor-column elementor-col-100 elementor-top-column elementor-element elementor-element-7b527011\" data-id=\"7b527011\" data-element_type=\"column\">\n\t\t\t<div class=\"elementor-widget-wrap elementor-element-populated\">\n\t\t\t\t\t\t\t\t<div class=\"elementor-element elementor-element-73f395f elementor-widget elementor-widget-spacer\" data-id=\"73f395f\" data-element_type=\"widget\" data-widget_type=\"spacer.default\">\n\t\t\t\t<div class=\"elementor-widget-container\">\n\t\t\t\t\t<div class=\"elementor-spacer\">\n\t\t\t<div class=\"elementor-spacer-inner\"><\/div>\n\t\t<\/div>\n\t\t\t\t<\/div>\n\t\t\t\t<\/div>\n\t\t\t\t<div class=\"elementor-element elementor-element-845da16 elementor-widget elementor-widget-heading\" data-id=\"845da16\" data-element_type=\"widget\" data-widget_type=\"heading.default\">\n\t\t\t\t<div class=\"elementor-widget-container\">\n\t\t\t<h2 class=\"elementor-heading-title elementor-size-default\">Pol\u00edticas de Cancelamento<\/h2>\t\t<\/div>\n\t\t\t\t<\/div>\n\t\t\t\t<div class=\"elementor-element elementor-element-5fd114a5 elementor-widget elementor-widget-text-editor\" data-id=\"5fd114a5\" data-element_type=\"widget\" data-widget_type=\"text-editor.default\">\n\t\t\t\t<div class=\"elementor-widget-container\">\n\t\t\t\t\t\t\t<p><!-- wp:heading --><\/p>\n<ul>\n<li>At\u00e9 7 (sete) dias ap\u00f3s a efetiva\u00e7\u00e3o da reserva devolvemos o valor pago integral.\u00a0<\/li>\n<li>Do oitavo dia em diante n\u00e3o ser\u00e1 devolvido qualquer valor, podendo o h\u00f3spede ficar com cr\u00e9dito a ser utilizado no prazo de at\u00e9 1 ano a contar da data do cancelamento, a gozar nos per\u00edodos de abertura do hotel.<\/li>\n<li>Altera\u00e7\u00f5es de datas n\u00e3o s\u00e3o permitidas para per\u00edodos de feriados, dias Santo e datas comemorativas, pois trabalhamos com tarif\u00e1rios especiais.<\/li>\n<li>Com menos de 20 dias da data do check-in n\u00e3o geramos cr\u00e9dito.<\/li>\n<\/ul>\n<p><!-- \/wp:heading --><\/p>\t\t\t\t\t\t<\/div>\n\t\t\t\t<\/div>\n\t\t\t\t<div class=\"elementor-element elementor-element-fa5a429 elementor-widget elementor-widget-spacer\" data-id=\"fa5a429\" data-element_type=\"widget\" data-widget_type=\"spacer.default\">\n\t\t\t\t<div class=\"elementor-widget-container\">\n\t\t\t\t\t<div class=\"elementor-spacer\">\n\t\t\t<div class=\"elementor-spacer-inner\"><\/div>\n\t\t<\/div>\n\t\t\t\t<\/div>\n\t\t\t\t<\/div>\n\t\t\t\t\t<\/div>\n\t\t<\/div>\n\t\t\t\t\t\t\t<\/div>\n\t\t<\/section>\n\t\t\t\t\t\t<\/div>\n\t\t\t\t\t<\/div>\n\t\t","protected":false},"excerpt":{"rendered":"<p>Pol\u00edticas de Cancelamento At\u00e9 7 (sete) dias ap\u00f3s a efetiva\u00e7\u00e3o da reserva devolvemos o valor pago integral.\u00a0 Do oitavo dia em diante n\u00e3o ser\u00e1 devolvido qualquer valor, podendo o h\u00f3spede ficar com cr\u00e9dito a ser utilizado no prazo de at\u00e9 1 ano a contar da data do cancelamento, a gozar nos per\u00edodos de abertura do [&hellip;]<\/p>\n","protected":false},"author":3,"featured_media":0,"parent":0,"menu_order":0,"comment_status":"closed","ping_status":"closed","template":"","meta":[],"_links":{"self":[{"href":"https:\/\/garapuapraiahotel.com.br\/garapua\/index.php?rest_route=\/wp\/v2\/pages\/1964"}],"collection":[{"href":"https:\/\/garapuapraiahotel.com.br\/garapua\/index.php?rest_route=\/wp\/v2\/pages"}],"about":[{"href":"https:\/\/garapuapraiahotel.com.br\/garapua\/index.php?rest_route=\/wp\/v2\/types\/page"}],"author":[{"embeddable":true,"href":"https:\/\/garapuapraiahotel.com.br\/garapua\/index.php?rest_route=\/wp\/v2\/users\/3"}],"replies":[{"embeddable":true,"href":"https:\/\/garapuapraiahotel.com.br\/garapua\/index.php?rest_route=%2Fwp%2Fv2%2Fcomments&post=1964"}],"version-history":[{"count":21,"href":"https:\/\/garapuapraiahotel.com.br\/garapua\/index.php?rest_route=\/wp\/v2\/pages\/1964\/revisions"}],"predecessor-version":[{"id":2169,"href":"https:\/\/garapuapraiahotel.com.br\/garapua\/index.php?rest_route=\/wp\/v2\/pages\/1964\/revisions\/2169"}],"wp:attachment":[{"href":"https:\/\/garapuapraiahotel.com.br\/garapua\/index.php?rest_route=%2Fwp%2Fv2%2Fmedia&parent=1964"}],"curies":[{"name":"wp","href":"https:\/\/api.w.org\/{rel}","templated":true}]}}